{"id":41,"date":"2025-08-28T15:49:07","date_gmt":"2025-08-28T13:49:07","guid":{"rendered":"http:\/\/admin_iu996dyb"},"modified":"2025-11-12T14:11:49","modified_gmt":"2025-11-12T13:11:49","slug":"accesibilidad","status":"publish","type":"page","link":"https:\/\/bienvenidostudio.com\/en\/accesibilidad\/","title":{"rendered":"Accessibility"},"content":{"rendered":"<p>FRANCISCO JAVIER REVUELTA RUEDA has committed to making his websites accessible in accordance with Royal Decree 1112\/2018, of September 7, on the accessibility of websites and mobile applications of the public sector.<\/p>\n\n\n\n<p>This accessibility statement applies to the website www.bienvenidostudio.com<\/p>\n\n\n\n<h2 class=\"wp-block-heading\"><strong>COMPLIANCE STATUS<\/strong><\/h2>\n\n\n\n<p>This website is partially compliant with Royal Decree 1112\/2018 due to the exceptions and non-compliance of the aspects indicated below.<\/p>\n\n\n\n<h2 class=\"wp-block-heading\"><strong>CONTENT NOT ACCESSIBLE<\/strong><\/h2>\n\n\n\n<p>The content below is not accessible for the following reason:&nbsp;<\/p>\n\n\n\n<ul class=\"wp-block-list\">\n<li>Non-compliance with Royal Decree 1112\/2018:\n<ul class=\"wp-block-list\">\n<li>There may be content in other languages \u200b\u200bwhere the language change is not correctly labeled.<\/li>\n\n\n\n<li>Audio-only multimedia elements may not have an alternative.<\/li>\n\n\n\n<li>Videos may exist without subtitles<\/li>\n\n\n\n<li>There is textual content without sufficient contrast<\/li>\n\n\n\n<li>It can be seen that in some cases the focus does not meet the minimum required contrast ratio<\/li>\n\n\n\n<li>In some cases, content overlap may occur.<\/li>\n\n\n\n<li>There may be PDF documents with accessibility issues.<\/li>\n<\/ul>\n<\/li>\n\n\n\n<li>Disproportionate burden:\n<ul class=\"wp-block-list\">\n<li>Not applicable.<\/li>\n<\/ul>\n<\/li>\n\n\n\n<li>Content not falling within the scope of applicable legislation:\n<ul class=\"wp-block-list\">\n<li>There may be PDF documents published before September 20, 2018 that do not fully meet all accessibility requirements.<\/li>\n<\/ul>\n<\/li>\n<\/ul>\n\n\n\n<h2 class=\"wp-block-heading\"><strong>PREPARATION OF THIS ACCESSIBILITY STATEMENT<\/strong><\/h2>\n\n\n\n<p>This statement was prepared on August 29, 2025.<\/p>\n\n\n\n<p>The method used for this declaration has been a self-assessment.<\/p>\n\n\n\n<p>Last review of the statement: August 29, 2025.<\/p>\n\n\n\n<h2 class=\"wp-block-heading\"><strong>OBSERVATIONS AND CONTACT INFORMATION<\/strong><\/h2>\n\n\n\n<p>Communications on accessibility requirements<\/p>\n\n\n\n<p>You can submit communications regarding accessibility requirements (article 10.2.a of RD 1112\/2018) such as, for example:<\/p>\n\n\n\n<ul class=\"wp-block-list\">\n<li>Report any potential violations by this website<\/li>\n\n\n\n<li>To communicate other difficulties in accessing the content<\/li>\n\n\n\n<li>Please submit any other questions or suggestions for improvement related to the accessibility of the website.<\/li>\n<\/ul>\n\n\n\n<p>through the contact form on this website (<strong>www.bienvenidostudio.com\/contacto<\/strong>) or via telephone number:\u00a0<\/p>\n\n\n\n<h2 class=\"wp-block-heading\"><strong>REQUESTS FOR ACCESSIBLE INFORMATION AND COMPLAINTS<\/strong><\/h2>\n\n\n\n<p>You can submit the following through the accessible information request and accessibility complaint form:<\/p>\n\n\n\n<ul class=\"wp-block-list\">\n<li>a Complaint regarding compliance with the requirements of Royal Decree 1112\/2018 or<\/li>\n\n\n\n<li>an accessible Information Request regarding:\n<ul class=\"wp-block-list\">\n<li>contents that are excluded from the scope of application of RD 1112\/2018 as established by article 3, section 4<\/li>\n\n\n\n<li>content that is exempt from compliance with accessibility requirements because it imposes a disproportionate burden.<\/li>\n<\/ul>\n<\/li>\n<\/ul>\n\n\n\n<p>In the Accessible Information Request, the facts, reasons and request that allow verification that it is a reasonable and legitimate request must be specified clearly.<\/p>\n\n\n\n<p>Complaints and claims regarding accessible information will be made through the electronic headquarters (https:\/\/sede.red.gob.es\/procedimientos\/quejas-y-sugerencias), and will be received and processed by the Information Systems area of \u200b\u200bRed.es.<\/p>\n\n\n\n<h2 class=\"wp-block-heading\"><strong>APPLICATION PROCEDURE<\/strong><\/h2>\n\n\n\n<p>If a request for accessible information or a complaint has been rejected, if the decision is not accepted, or if the response does not meet the requirements set out in Article 12.5 of Royal Decree 1112\/2018, the interested party may file a claim. A claim may also be filed if no response has been received.<\/p>\n\n\n\n<p>The complaint procedure set out in article 13 of Royal Decree 1112\/2018 can be initiated through the contact form on this website (<strong>www.bienvenidostudio.com\/contacto<\/strong>) or via telephone number:\u00a0<\/p>\n\n\n\n<p>Complaints will be received and processed by FRANCISCO JAVIER REVUELTA RUEDA<\/p>\n\n\n\n<h2 class=\"wp-block-heading\"><strong>OPTIONAL CONTENT<\/strong><\/h2>\n\n\n\n<p>The website:<\/p>\n\n\n\n<ul class=\"wp-block-list\">\n<li>It has been designed adapting to current standards and regulations regarding accessibility, complying with the priority 2 (AA) checkpoints defined in the Web Content Accessibility Guidelines (WCAG 2.1) specification.<\/li>\n\n\n\n<li>It is optimized for the latest versions of Chrome, Edge, Firefox, Safari, and Opera.<\/li>\n\n\n\n<li>It is designed for correct viewing on any resolution and device: desktop, tablets or mobile (responsive design)<\/li>\n\n\n\n<li>It was created using HTML5 as the markup language and CSS 3 stylesheets for its design.<\/li>\n<\/ul>\n\n\n\n<p>To change the text font size in major graphical browsers, use the following menus:<\/p>\n\n\n\n<ul class=\"wp-block-list\">\n<li>Internet Explorer, Mozilla and Firefox: View &gt; Text Size<\/li>\n\n\n\n<li>Opera: View &gt; Zoom<\/li>\n\n\n\n<li>Safari: View &gt; Make Text Larger<\/li>\n\n\n\n<li>Chrome: Control current page &gt; Text size<\/li>\n\n\n\n<li>To change the size of everything on the page:\n<ul class=\"wp-block-list\">\n<li>Ctrl + + to increase it<\/li>\n\n\n\n<li>Ctrl + \u2013 to decrease it<\/li>\n\n\n\n<li>Ctrl + 0 restores the original text size<\/li>\n\n\n\n<li>If you want to override the stylesheet or change the text color, you can consult the WAI's How to Change Text Size or Colors page, which can be read in Spanish as \u00bfC\u00f3mo cambiar el tama\u00f1o del texto o colores?<\/li>\n<\/ul>\n<\/li>\n<\/ul>","protected":false},"excerpt":{"rendered":"<p>FRANCISCO JAVIER REVUELTA RUEDA, se ha comprometido a hacer accesibles sus Sitios web de conformidad con el Real Decreto 1112\/2018, de 7 de septiembre, sobre accesibilidad de los sitios web y aplicaciones para dispositivos m\u00f3viles del sector p\u00fablico. La presente declaraci\u00f3n de accesibilidad se aplica al sitio web www.bienvenidostudio.com SITUACI\u00d3N DE CUMPLIMIENTO Este sitio web [&hellip;]<\/p>","protected":false},"author":1,"featured_media":0,"parent":0,"menu_order":0,"comment_status":"closed","ping_status":"closed","template":"","meta":{"footnotes":""},"class_list":["post-41","page","type-page","status-publish","hentry"],"_links":{"self":[{"href":"https:\/\/bienvenidostudio.com\/en\/wp-json\/wp\/v2\/pages\/41","targetHints":{"allow":["GET"]}}],"collection":[{"href":"https:\/\/bienvenidostudio.com\/en\/wp-json\/wp\/v2\/pages"}],"about":[{"href":"https:\/\/bienvenidostudio.com\/en\/wp-json\/wp\/v2\/types\/page"}],"author":[{"embeddable":true,"href":"https:\/\/bienvenidostudio.com\/en\/wp-json\/wp\/v2\/users\/1"}],"replies":[{"embeddable":true,"href":"https:\/\/bienvenidostudio.com\/en\/wp-json\/wp\/v2\/comments?post=41"}],"version-history":[{"count":3,"href":"https:\/\/bienvenidostudio.com\/en\/wp-json\/wp\/v2\/pages\/41\/revisions"}],"predecessor-version":[{"id":1373,"href":"https:\/\/bienvenidostudio.com\/en\/wp-json\/wp\/v2\/pages\/41\/revisions\/1373"}],"wp:attachment":[{"href":"https:\/\/bienvenidostudio.com\/en\/wp-json\/wp\/v2\/media?parent=41"}],"curies":[{"name":"wp","href":"https:\/\/api.w.org\/{rel}","templated":true}]}}